{"id":85,"date":"2022-05-04T18:29:38","date_gmt":"2022-05-04T18:29:38","guid":{"rendered":"https:\/\/tachyons-coeurdebourgogne.com\/?page_id=85"},"modified":"2022-05-27T14:56:12","modified_gmt":"2022-05-27T14:56:12","slug":"acces","status":"publish","type":"page","link":"https:\/\/tachyons-coeurdebourgogne.com\/?page_id=85","title":{"rendered":"Acc\u00e8s"},"content":{"rendered":"\n<p>La chambre \u00e0 tachyons, 5 rte du Guidon, La Ferri\u00e8re d&rsquo;Alligny-en-Morvan (58230) est au coeur de 4 d\u00e9partements Bourguignons : Ni\u00e8vre, Yonne, C\u00f4te d&rsquo;Or et Sa\u00f4ne et Loire. (GPS : 47.1885253132903 N, 4.203399830258201 E), en plein coeur du Parc Naturel R\u00e9gional du Morvan : r\u00e9gion \u00e0 d\u00e9couvrir o\u00f9 il fait bon se d\u00e9tendre, se promener et se ressourcer.<\/p>\n\n\n\n<figure class=\"wp-block-image aligncenter size-full is-style-rounded\"><img data-recalc-dims=\"1\" loading=\"lazy\" decoding=\"async\" width=\"551\" height=\"475\" src=\"https:\/\/i0.wp.com\/tachyons-coeurdebourgogne.com\/wp-content\/uploads\/2022\/05\/la-ferriere.jpg?resize=551%2C475&#038;ssl=1\" alt=\"\" class=\"wp-image-86\" srcset=\"https:\/\/i0.wp.com\/tachyons-coeurdebourgogne.com\/wp-content\/uploads\/2022\/05\/la-ferriere.jpg?w=551&amp;ssl=1 551w, https:\/\/i0.wp.com\/tachyons-coeurdebourgogne.com\/wp-content\/uploads\/2022\/05\/la-ferriere.jpg?resize=300%2C259&amp;ssl=1 300w\" sizes=\"auto, (max-width: 551px) 100vw, 551px\" \/><\/figure>\n\n\n\n<p class=\"has-text-align-center\"><strong>\u00e0 265 km de Paris, \u00e0 215 km de Lyon, \u00e0 85 km de Dijon<\/strong><\/p>\n\n\n\n<pre id=\"block-f1aaefc9-f119-4b04-863f-5943236891f2\" class=\"wp-block-preformatted\"><strong>BEAUNE 68km - CHALON 89km - AUTUN 30km - AVALLON  50km - AUXERRE 112km - NEVERS 99 km<\/strong><\/pre>\n\n\n\n<p><\/p>\n\n\n\n<figure class=\"wp-block-image aligncenter size-full is-style-default\"><a href=\"https:\/\/www.google.com\/maps\/dir\/\/5+Rte+du+Guidon,+58230+Alligny-en-Morvan\/@46.7859253,2.6826096,7.75z\/data=!4m9!4m8!1m0!1m5!1m1!1s0x47f21aed1fe5bf47:0x57e70191839d6f9a!2m2!1d4.2034058!2d47.1885445!3e1\" target=\"_blank\" rel=\"noopener\"><img data-recalc-dims=\"1\" loading=\"lazy\" decoding=\"async\" width=\"949\" height=\"692\" src=\"https:\/\/i0.wp.com\/tachyons-coeurdebourgogne.com\/wp-content\/uploads\/2022\/05\/carte.jpg?resize=949%2C692&#038;ssl=1\" alt=\"\" class=\"wp-image-87\" srcset=\"https:\/\/i0.wp.com\/tachyons-coeurdebourgogne.com\/wp-content\/uploads\/2022\/05\/carte.jpg?w=949&amp;ssl=1 949w, https:\/\/i0.wp.com\/tachyons-coeurdebourgogne.com\/wp-content\/uploads\/2022\/05\/carte.jpg?resize=300%2C219&amp;ssl=1 300w, https:\/\/i0.wp.com\/tachyons-coeurdebourgogne.com\/wp-content\/uploads\/2022\/05\/carte.jpg?resize=768%2C560&amp;ssl=1 768w\" sizes=\"auto, (max-width: 949px) 100vw, 949px\" \/><\/a><\/figure>\n\n\n\n<p><\/p>\n","protected":false},"excerpt":{"rendered":"<p>La chambre \u00e0 tachyons, 5 rte du Guidon, La Ferri\u00e8re d&rsquo;Alligny-en-Morvan (58230) est au coeur de 4 d\u00e9partements Bourguignons : Ni\u00e8vre, Yonne, C\u00f4te d&rsquo;Or et Sa\u00f4ne et Loire. (GPS : 47.1885253132903 N, 4.203399830258201 E), en plein coeur du Parc Naturel R\u00e9gional du Morvan : r\u00e9gion \u00e0 d\u00e9couvrir o\u00f9 il fait bon se d\u00e9tendre, se promener [&hellip;]<\/p>\n","protected":false},"author":1,"featured_media":0,"parent":0,"menu_order":0,"comment_status":"closed","ping_status":"closed","template":"","meta":{"om_disable_all_campaigns":false,"_monsterinsights_skip_tracking":false,"_monsterinsights_sitenote_active":false,"_monsterinsights_sitenote_note":"","_monsterinsights_sitenote_category":0,"site-sidebar-layout":"default","site-content-layout":"","ast-site-content-layout":"default","site-content-style":"default","site-sidebar-style":"default","ast-global-header-display":"","ast-banner-title-visibility":"","ast-main-header-display":"","ast-hfb-above-header-display":"","ast-hfb-below-header-display":"","ast-hfb-mobile-header-display":"","site-post-title":"","ast-breadcrumbs-content":"","ast-featured-img":"","footer-sml-layout":"","ast-disable-related-posts":"","theme-transparent-header-meta":"","adv-header-id-meta":"","stick-header-meta":"","header-above-stick-meta":"","header-main-stick-meta":"","header-below-stick-meta":"","astra-migrate-meta-layouts":"default","ast-page-background-enabled":"default","ast-page-background-meta":{"desktop":{"background-color":"var(--ast-global-color-4)","background-image":"","background-repeat":"repeat","background-position":"center center","background-size":"auto","background-attachment":"scroll","background-type":"","background-media":"","overlay-type":"","overlay-color":"","overlay-opacity":"","overlay-gradient":""},"tablet":{"background-color":"","background-image":"","background-repeat":"repeat","background-position":"center center","background-size":"auto","background-attachment":"scroll","background-type":"","background-media":"","overlay-type":"","overlay-color":"","overlay-opacity":"","overlay-gradient":""},"mobile":{"background-color":"","background-image":"","background-repeat":"repeat","background-position":"center center","background-size":"auto","background-attachment":"scroll","background-type":"","background-media":"","overlay-type":"","overlay-color":"","overlay-opacity":"","overlay-gradient":""}},"ast-content-background-meta":{"desktop":{"background-color":"var(--ast-global-color-5)","background-image":"","background-repeat":"repeat","background-position":"center center","background-size":"auto","background-attachment":"scroll","background-type":"","background-media":"","overlay-type":"","overlay-color":"","overlay-opacity":"","overlay-gradient":""},"tablet":{"background-color":"var(--ast-global-color-5)","background-image":"","background-repeat":"repeat","background-position":"center center","background-size":"auto","background-attachment":"scroll","background-type":"","background-media":"","overlay-type":"","overlay-color":"","overlay-opacity":"","overlay-gradient":""},"mobile":{"background-color":"var(--ast-global-color-5)","background-image":"","background-repeat":"repeat","background-position":"center center","background-size":"auto","background-attachment":"scroll","background-type":"","background-media":"","overlay-type":"","overlay-color":"","overlay-opacity":"","overlay-gradient":""}},"footnotes":""},"class_list":["post-85","page","type-page","status-publish","hentry"],"aioseo_notices":[],"jetpack_sharing_enabled":true,"_links":{"self":[{"href":"https:\/\/tachyons-coeurdebourgogne.com\/index.php?rest_route=\/wp\/v2\/pages\/85","targetHints":{"allow":["GET"]}}],"collection":[{"href":"https:\/\/tachyons-coeurdebourgogne.com\/index.php?rest_route=\/wp\/v2\/pages"}],"about":[{"href":"https:\/\/tachyons-coeurdebourgogne.com\/index.php?rest_route=\/wp\/v2\/types\/page"}],"author":[{"embeddable":true,"href":"https:\/\/tachyons-coeurdebourgogne.com\/index.php?rest_route=\/wp\/v2\/users\/1"}],"replies":[{"embeddable":true,"href":"https:\/\/tachyons-coeurdebourgogne.com\/index.php?rest_route=%2Fwp%2Fv2%2Fcomments&post=85"}],"version-history":[{"count":4,"href":"https:\/\/tachyons-coeurdebourgogne.com\/index.php?rest_route=\/wp\/v2\/pages\/85\/revisions"}],"predecessor-version":[{"id":105,"href":"https:\/\/tachyons-coeurdebourgogne.com\/index.php?rest_route=\/wp\/v2\/pages\/85\/revisions\/105"}],"wp:attachment":[{"href":"https:\/\/tachyons-coeurdebourgogne.com\/index.php?rest_route=%2Fwp%2Fv2%2Fmedia&parent=85"}],"curies":[{"name":"wp","href":"https:\/\/api.w.org\/{rel}","templated":true}]}}