{"id":15,"date":"2022-02-20T13:41:39","date_gmt":"2022-02-20T13:41:39","guid":{"rendered":"http:\/\/tachyons-coeurdebourgogne.com\/?page_id=15"},"modified":"2022-06-21T17:58:47","modified_gmt":"2022-06-21T17:58:47","slug":"prestation","status":"publish","type":"page","link":"https:\/\/tachyons-coeurdebourgogne.com\/?page_id=15","title":{"rendered":"Prestations"},"content":{"rendered":"\n<h4 class=\"wp-block-heading\" id=\"seance-adulte-sur-place-presentielle-40-la-1-2-heure\">S\u00e9ance adulte sur place (pr\u00e9sentielle) 40 \u20ac la 1\/2 heure<\/h4>\n\n\n\n<h4 class=\"wp-block-heading\" id=\"seances-adultes-le-pack-de-6-seances-200-une-seance-offerte\">S\u00e9ances adultes : le pack de 6 s\u00e9ances 200 \u20ac (une s\u00e9ance offerte)<\/h4>\n\n\n\n<h4 class=\"wp-block-heading\" id=\"seance-a-distance-sur-photo-recente-de-la-tete-aux-pieds-20\">S\u00e9ance \u00e0 distance sur photo r\u00e9cente (de la t\u00eate aux pieds) : 40 \u20ac<\/h4>\n\n\n\n<p>S\u00e9ance enfant (- 12 ans) : 20 \u20ac (6 s\u00e9ances 120 \u20ac)<\/p>\n\n\n\n<h2 class=\"wp-block-heading\">H\u00e9bergement possible sur place<\/h2>\n\n\n\n<p>Si vous souhaitez rester sur place pour plusieurs s\u00e9ances et pourquoi pas profiter de visiter le Morvan&#8230;<\/p>\n\n\n\n<p>en chambre \u00e0 3&#8230;. ou en chambre studio<\/p>\n\n\n\n<figure class=\"wp-block-gallery has-nested-images columns-default is-cropped wp-block-gallery-1 is-layout-flex wp-block-gallery-is-layout-flex\">\n<figure class=\"wp-block-image size-large\"><img data-recalc-dims=\"1\" loading=\"lazy\" decoding=\"async\" width=\"1920\" height=\"2560\" data-id=\"112\" src=\"https:\/\/i0.wp.com\/tachyons-coeurdebourgogne.com\/wp-content\/uploads\/2022\/05\/20220528_142223-scaled.jpg?resize=1920%2C2560&#038;ssl=1\" alt=\"\" class=\"wp-image-112\" srcset=\"https:\/\/i0.wp.com\/tachyons-coeurdebourgogne.com\/wp-content\/uploads\/2022\/05\/20220528_142223-scaled.jpg?w=1920&amp;ssl=1 1920w, https:\/\/i0.wp.com\/tachyons-coeurdebourgogne.com\/wp-content\/uploads\/2022\/05\/20220528_142223-scaled.jpg?resize=225%2C300&amp;ssl=1 225w, https:\/\/i0.wp.com\/tachyons-coeurdebourgogne.com\/wp-content\/uploads\/2022\/05\/20220528_142223-scaled.jpg?resize=768%2C1024&amp;ssl=1 768w, https:\/\/i0.wp.com\/tachyons-coeurdebourgogne.com\/wp-content\/uploads\/2022\/05\/20220528_142223-scaled.jpg?resize=1152%2C1536&amp;ssl=1 1152w, https:\/\/i0.wp.com\/tachyons-coeurdebourgogne.com\/wp-content\/uploads\/2022\/05\/20220528_142223-scaled.jpg?resize=1536%2C2048&amp;ssl=1 1536w\" sizes=\"auto, (max-width: 1000px) 100vw, 1000px\" \/><\/figure>\n\n\n\n<figure class=\"wp-block-image size-large\"><img data-recalc-dims=\"1\" loading=\"lazy\" decoding=\"async\" width=\"1920\" height=\"2560\" data-id=\"111\" src=\"https:\/\/i0.wp.com\/tachyons-coeurdebourgogne.com\/wp-content\/uploads\/2022\/05\/20220528_142236-scaled.jpg?resize=1920%2C2560&#038;ssl=1\" alt=\"\" class=\"wp-image-111\" srcset=\"https:\/\/i0.wp.com\/tachyons-coeurdebourgogne.com\/wp-content\/uploads\/2022\/05\/20220528_142236-scaled.jpg?w=1920&amp;ssl=1 1920w, https:\/\/i0.wp.com\/tachyons-coeurdebourgogne.com\/wp-content\/uploads\/2022\/05\/20220528_142236-scaled.jpg?resize=225%2C300&amp;ssl=1 225w, https:\/\/i0.wp.com\/tachyons-coeurdebourgogne.com\/wp-content\/uploads\/2022\/05\/20220528_142236-scaled.jpg?resize=768%2C1024&amp;ssl=1 768w, https:\/\/i0.wp.com\/tachyons-coeurdebourgogne.com\/wp-content\/uploads\/2022\/05\/20220528_142236-scaled.jpg?resize=1152%2C1536&amp;ssl=1 1152w, https:\/\/i0.wp.com\/tachyons-coeurdebourgogne.com\/wp-content\/uploads\/2022\/05\/20220528_142236-scaled.jpg?resize=1536%2C2048&amp;ssl=1 1536w\" sizes=\"auto, (max-width: 1000px) 100vw, 1000px\" \/><\/figure>\n\n\n\n<figure class=\"wp-block-image size-large\"><img data-recalc-dims=\"1\" loading=\"lazy\" decoding=\"async\" width=\"1920\" height=\"2560\" data-id=\"110\" src=\"https:\/\/i0.wp.com\/tachyons-coeurdebourgogne.com\/wp-content\/uploads\/2022\/05\/20220528_142029-scaled.jpg?resize=1920%2C2560&#038;ssl=1\" alt=\"\" class=\"wp-image-110\" srcset=\"https:\/\/i0.wp.com\/tachyons-coeurdebourgogne.com\/wp-content\/uploads\/2022\/05\/20220528_142029-scaled.jpg?w=1920&amp;ssl=1 1920w, https:\/\/i0.wp.com\/tachyons-coeurdebourgogne.com\/wp-content\/uploads\/2022\/05\/20220528_142029-scaled.jpg?resize=225%2C300&amp;ssl=1 225w, https:\/\/i0.wp.com\/tachyons-coeurdebourgogne.com\/wp-content\/uploads\/2022\/05\/20220528_142029-scaled.jpg?resize=768%2C1024&amp;ssl=1 768w, https:\/\/i0.wp.com\/tachyons-coeurdebourgogne.com\/wp-content\/uploads\/2022\/05\/20220528_142029-scaled.jpg?resize=1152%2C1536&amp;ssl=1 1152w, https:\/\/i0.wp.com\/tachyons-coeurdebourgogne.com\/wp-content\/uploads\/2022\/05\/20220528_142029-scaled.jpg?resize=1536%2C2048&amp;ssl=1 1536w\" sizes=\"auto, (max-width: 1000px) 100vw, 1000px\" \/><\/figure>\n<\/figure>\n\n\n\n<figure class=\"wp-block-image size-large\"><img data-recalc-dims=\"1\" loading=\"lazy\" decoding=\"async\" width=\"1024\" height=\"768\" src=\"https:\/\/i0.wp.com\/tachyons-coeurdebourgogne.com\/wp-content\/uploads\/2022\/06\/20220516_094802.jpg?resize=1024%2C768&#038;ssl=1\" alt=\"\" class=\"wp-image-116\" srcset=\"https:\/\/i0.wp.com\/tachyons-coeurdebourgogne.com\/wp-content\/uploads\/2022\/06\/20220516_094802-scaled.jpg?resize=1024%2C768&amp;ssl=1 1024w, https:\/\/i0.wp.com\/tachyons-coeurdebourgogne.com\/wp-content\/uploads\/2022\/06\/20220516_094802-scaled.jpg?resize=300%2C225&amp;ssl=1 300w, https:\/\/i0.wp.com\/tachyons-coeurdebourgogne.com\/wp-content\/uploads\/2022\/06\/20220516_094802-scaled.jpg?resize=768%2C576&amp;ssl=1 768w, https:\/\/i0.wp.com\/tachyons-coeurdebourgogne.com\/wp-content\/uploads\/2022\/06\/20220516_094802-scaled.jpg?resize=1536%2C1152&amp;ssl=1 1536w, https:\/\/i0.wp.com\/tachyons-coeurdebourgogne.com\/wp-content\/uploads\/2022\/06\/20220516_094802-scaled.jpg?resize=2048%2C1536&amp;ssl=1 2048w\" sizes=\"auto, (max-width: 1000px) 100vw, 1000px\" \/><\/figure>\n","protected":false},"excerpt":{"rendered":"<p>S\u00e9ance adulte sur place (pr\u00e9sentielle) 40 \u20ac la 1\/2 heure S\u00e9ances adultes : le pack de 6 s\u00e9ances 200 \u20ac (une s\u00e9ance offerte) S\u00e9ance \u00e0 distance sur photo r\u00e9cente (de la t\u00eate aux pieds) : 40 \u20ac S\u00e9ance enfant (- 12 ans) : 20 \u20ac (6 s\u00e9ances 120 \u20ac) H\u00e9bergement possible sur place Si vous [&hellip;]<\/p>\n","protected":false},"author":1,"featured_media":0,"parent":0,"menu_order":0,"comment_status":"closed","ping_status":"closed","template":"","meta":{"om_disable_all_campaigns":false,"_monsterinsights_skip_tracking":false,"_monsterinsights_sitenote_active":false,"_monsterinsights_sitenote_note":"","_monsterinsights_sitenote_category":0,"site-sidebar-layout":"default","site-content-layout":"","ast-site-content-layout":"default","site-content-style":"default","site-sidebar-style":"default","ast-global-header-display":"","ast-banner-title-visibility":"","ast-main-header-display":"","ast-hfb-above-header-display":"","ast-hfb-below-header-display":"","ast-hfb-mobile-header-display":"","site-post-title":"","ast-breadcrumbs-content":"","ast-featured-img":"","footer-sml-layout":"","ast-disable-related-posts":"","theme-transparent-header-meta":"","adv-header-id-meta":"","stick-header-meta":"","header-above-stick-meta":"","header-main-stick-meta":"","header-below-stick-meta":"","astra-migrate-meta-layouts":"default","ast-page-background-enabled":"default","ast-page-background-meta":{"desktop":{"background-color":"var(--ast-global-color-4)","background-image":"","background-repeat":"repeat","background-position":"center center","background-size":"auto","background-attachment":"scroll","background-type":"","background-media":"","overlay-type":"","overlay-color":"","overlay-opacity":"","overlay-gradient":""},"tablet":{"background-color":"","background-image":"","background-repeat":"repeat","background-position":"center center","background-size":"auto","background-attachment":"scroll","background-type":"","background-media":"","overlay-type":"","overlay-color":"","overlay-opacity":"","overlay-gradient":""},"mobile":{"background-color":"","background-image":"","background-repeat":"repeat","background-position":"center center","background-size":"auto","background-attachment":"scroll","background-type":"","background-media":"","overlay-type":"","overlay-color":"","overlay-opacity":"","overlay-gradient":""}},"ast-content-background-meta":{"desktop":{"background-color":"var(--ast-global-color-5)","background-image":"","background-repeat":"repeat","background-position":"center center","background-size":"auto","background-attachment":"scroll","background-type":"","background-media":"","overlay-type":"","overlay-color":"","overlay-opacity":"","overlay-gradient":""},"tablet":{"background-color":"var(--ast-global-color-5)","background-image":"","background-repeat":"repeat","background-position":"center center","background-size":"auto","background-attachment":"scroll","background-type":"","background-media":"","overlay-type":"","overlay-color":"","overlay-opacity":"","overlay-gradient":""},"mobile":{"background-color":"var(--ast-global-color-5)","background-image":"","background-repeat":"repeat","background-position":"center center","background-size":"auto","background-attachment":"scroll","background-type":"","background-media":"","overlay-type":"","overlay-color":"","overlay-opacity":"","overlay-gradient":""}},"footnotes":""},"class_list":["post-15","page","type-page","status-publish","hentry"],"aioseo_notices":[],"jetpack_sharing_enabled":true,"_links":{"self":[{"href":"https:\/\/tachyons-coeurdebourgogne.com\/index.php?rest_route=\/wp\/v2\/pages\/15","targetHints":{"allow":["GET"]}}],"collection":[{"href":"https:\/\/tachyons-coeurdebourgogne.com\/index.php?rest_route=\/wp\/v2\/pages"}],"about":[{"href":"https:\/\/tachyons-coeurdebourgogne.com\/index.php?rest_route=\/wp\/v2\/types\/page"}],"author":[{"embeddable":true,"href":"https:\/\/tachyons-coeurdebourgogne.com\/index.php?rest_route=\/wp\/v2\/users\/1"}],"replies":[{"embeddable":true,"href":"https:\/\/tachyons-coeurdebourgogne.com\/index.php?rest_route=%2Fwp%2Fv2%2Fcomments&post=15"}],"version-history":[{"count":8,"href":"https:\/\/tachyons-coeurdebourgogne.com\/index.php?rest_route=\/wp\/v2\/pages\/15\/revisions"}],"predecessor-version":[{"id":118,"href":"https:\/\/tachyons-coeurdebourgogne.com\/index.php?rest_route=\/wp\/v2\/pages\/15\/revisions\/118"}],"wp:attachment":[{"href":"https:\/\/tachyons-coeurdebourgogne.com\/index.php?rest_route=%2Fwp%2Fv2%2Fmedia&parent=15"}],"curies":[{"name":"wp","href":"https:\/\/api.w.org\/{rel}","templated":true}]}}